{"id":14,"date":"2026-02-26T23:42:24","date_gmt":"2026-02-26T23:42:24","guid":{"rendered":"http:\/\/agile-it.site\/taxizoro\/?page_id=14"},"modified":"2026-03-05T21:34:53","modified_gmt":"2026-03-05T19:34:53","slug":"about-us","status":"publish","type":"page","link":"https:\/\/bogdan.taxi\/de\/about-us\/","title":{"rendered":"Ueber uns"},"content":{"rendered":"<div class=\"wp-block-cover aligncenter has-parallax has-custom-content-position is-position-top-center\"><div role=\"img\" aria-label=\"zoro taxi zgorzelec\" class=\"wp-block-cover__image-background wp-image-7 size-full has-parallax\" style=\"background-position:50% 50%;background-image:url(https:\/\/bogdan.taxi\/wp-content\/uploads\/2026\/02\/zoro_taxi.jpg)\"><\/div><span aria-hidden=\"true\" class=\"wp-block-cover__background has-background-dim\"><\/span><div class=\"wp-block-cover__inner-container has-global-padding is-layout-constrained wp-block-cover-is-layout-constrained\">\n<h2 class=\"wp-block-heading has-text-align-center is-style-default has-x-large-font-size\">Ueber uns<\/h2>\n\n\n\n<div class=\"wp-block-group is-vertical is-content-justification-stretch is-layout-flex wp-container-core-group-is-layout-887de842 wp-block-group-is-layout-flex\">\n<div class=\"wp-block-media-text has-media-on-the-right is-stacked-on-mobile is-vertically-aligned-center\" style=\"padding-top:var(--wp--preset--spacing--30);padding-right:var(--wp--preset--spacing--20);padding-bottom:var(--wp--preset--spacing--30);padding-left:var(--wp--preset--spacing--20);grid-template-columns:auto 45%\"><div class=\"wp-block-media-text__content\">\n<h3 class=\"wp-block-heading has-x-large-font-size\">Bogdan<\/h3>\n\n\n\n<p class=\"has-medium-font-size\">Bogdan ist ein echter Fachmann, und seine Lieblings-Toyota ist golden\u2013 und trotzdem bescheiden. Keine Arbeit ist ihm zu schwer.<\/p>\n\n\n\n<p class=\"has-medium-font-size\">Bogdan f\u00e4hrt nicht mit Bolt, denn Bolt \u2013 ein aus dem Tierheim in D\u0142u\u017cyna G\u00f3rna adoptierter Hund \u2013 f\u00e4hrt mit Bogdan Taxi.<\/p>\n<\/div><figure class=\"wp-block-media-text__media\"><img loading=\"lazy\" decoding=\"async\" width=\"837\" height=\"1024\" src=\"https:\/\/bogdan.taxi\/wp-content\/uploads\/2026\/03\/Bogdan_Pieski-837x1024.jpg\" alt=\"Bogdan z Boltem i koleg\u0105 Bolta\" class=\"wp-image-367 size-full\" srcset=\"https:\/\/bogdan.taxi\/wp-content\/uploads\/2026\/03\/Bogdan_Pieski-837x1024.jpg 837w, https:\/\/bogdan.taxi\/wp-content\/uploads\/2026\/03\/Bogdan_Pieski-245x300.jpg 245w, https:\/\/bogdan.taxi\/wp-content\/uploads\/2026\/03\/Bogdan_Pieski-768x940.jpg 768w, https:\/\/bogdan.taxi\/wp-content\/uploads\/2026\/03\/Bogdan_Pieski-10x12.jpg 10w, https:\/\/bogdan.taxi\/wp-content\/uploads\/2026\/03\/Bogdan_Pieski.jpg 1152w\" sizes=\"auto, (max-width: 837px) 100vw, 837px\" \/><\/figure><\/div>\n\n\n\n<div class=\"wp-block-group has-global-padding is-layout-constrained wp-container-core-group-is-layout-0af88f1b wp-block-group-is-layout-constrained\" style=\"padding-top:var(--wp--preset--spacing--40);padding-bottom:var(--wp--preset--spacing--40)\">\n<h2 class=\"wp-block-heading\">Die Flotte<\/h2>\n\n\n\n<p>Die stolze Fahrzeugflotte von Bogdan Taxi besteht aus einem goldenen, aber bescheidenen Toyota  und einem ger\u00e4umigen und komfortablen Mazda. Beide Fahrzeuge werden an Menschen und Hunden getestet.<\/p>\n\n\n\n<figure class=\"wp-block-gallery has-nested-images columns-2 is-cropped wp-block-gallery-1 is-layout-flex wp-block-gallery-is-layout-flex\">\n<figure class=\"wp-block-image size-large\"><img loading=\"lazy\" decoding=\"async\" width=\"576\" height=\"1024\" data-id=\"327\" src=\"https:\/\/bogdan.taxi\/wp-content\/uploads\/2026\/02\/zoro_tyl-576x1024.jpg\" alt=\"\" class=\"wp-image-327\" srcset=\"https:\/\/bogdan.taxi\/wp-content\/uploads\/2026\/02\/zoro_tyl-576x1024.jpg 576w, https:\/\/bogdan.taxi\/wp-content\/uploads\/2026\/02\/zoro_tyl-169x300.jpg 169w, https:\/\/bogdan.taxi\/wp-content\/uploads\/2026\/02\/zoro_tyl-768x1365.jpg 768w, https:\/\/bogdan.taxi\/wp-content\/uploads\/2026\/02\/zoro_tyl-864x1536.jpg 864w, https:\/\/bogdan.taxi\/wp-content\/uploads\/2026\/02\/zoro_tyl-7x12.jpg 7w, https:\/\/bogdan.taxi\/wp-content\/uploads\/2026\/02\/zoro_tyl.jpg 1152w\" sizes=\"auto, (max-width: 576px) 100vw, 576px\" \/><figcaption class=\"wp-element-caption\">Toyota D0 Z0R0<\/figcaption><\/figure>\n\n\n\n<figure class=\"wp-block-image size-large\"><img loading=\"lazy\" decoding=\"async\" width=\"1024\" height=\"768\" data-id=\"332\" src=\"https:\/\/bogdan.taxi\/wp-content\/uploads\/2026\/02\/toyota_3-1024x768.jpeg\" alt=\"\" class=\"wp-image-332\" srcset=\"https:\/\/bogdan.taxi\/wp-content\/uploads\/2026\/02\/toyota_3-1024x768.jpeg 1024w, https:\/\/bogdan.taxi\/wp-content\/uploads\/2026\/02\/toyota_3-300x225.jpeg 300w, https:\/\/bogdan.taxi\/wp-content\/uploads\/2026\/02\/toyota_3-768x576.jpeg 768w, https:\/\/bogdan.taxi\/wp-content\/uploads\/2026\/02\/toyota_3-1536x1152.jpeg 1536w, https:\/\/bogdan.taxi\/wp-content\/uploads\/2026\/02\/toyota_3-16x12.jpeg 16w, https:\/\/bogdan.taxi\/wp-content\/uploads\/2026\/02\/toyota_3.jpeg 2048w\" sizes=\"auto, (max-width: 1024px) 100vw, 1024px\" \/><figcaption class=\"wp-element-caption\">Toyota D0 ZORO<\/figcaption><\/figure>\n\n\n\n<figure class=\"wp-block-image size-large\"><img loading=\"lazy\" decoding=\"async\" width=\"1024\" height=\"768\" data-id=\"335\" src=\"https:\/\/bogdan.taxi\/wp-content\/uploads\/2026\/02\/toyota_4-1024x768.jpeg\" alt=\"\" class=\"wp-image-335\" srcset=\"https:\/\/bogdan.taxi\/wp-content\/uploads\/2026\/02\/toyota_4-1024x768.jpeg 1024w, https:\/\/bogdan.taxi\/wp-content\/uploads\/2026\/02\/toyota_4-300x225.jpeg 300w, https:\/\/bogdan.taxi\/wp-content\/uploads\/2026\/02\/toyota_4-768x576.jpeg 768w, https:\/\/bogdan.taxi\/wp-content\/uploads\/2026\/02\/toyota_4-1536x1152.jpeg 1536w, https:\/\/bogdan.taxi\/wp-content\/uploads\/2026\/02\/toyota_4-16x12.jpeg 16w, https:\/\/bogdan.taxi\/wp-content\/uploads\/2026\/02\/toyota_4.jpeg 2048w\" sizes=\"auto, (max-width: 1024px) 100vw, 1024px\" \/><figcaption class=\"wp-element-caption\">Toyota D0 ZORO<\/figcaption><\/figure>\n\n\n\n<figure class=\"wp-block-image size-large\"><img loading=\"lazy\" decoding=\"async\" width=\"1024\" height=\"768\" data-id=\"338\" src=\"https:\/\/bogdan.taxi\/wp-content\/uploads\/2026\/02\/mazda_4-1024x768.jpeg\" alt=\"\" class=\"wp-image-338\" srcset=\"https:\/\/bogdan.taxi\/wp-content\/uploads\/2026\/02\/mazda_4-1024x768.jpeg 1024w, https:\/\/bogdan.taxi\/wp-content\/uploads\/2026\/02\/mazda_4-300x225.jpeg 300w, https:\/\/bogdan.taxi\/wp-content\/uploads\/2026\/02\/mazda_4-768x576.jpeg 768w, https:\/\/bogdan.taxi\/wp-content\/uploads\/2026\/02\/mazda_4-1536x1152.jpeg 1536w, https:\/\/bogdan.taxi\/wp-content\/uploads\/2026\/02\/mazda_4-16x12.jpeg 16w, https:\/\/bogdan.taxi\/wp-content\/uploads\/2026\/02\/mazda_4.jpeg 2048w\" sizes=\"auto, (max-width: 1024px) 100vw, 1024px\" \/><figcaption class=\"wp-element-caption\">Mazda<\/figcaption><\/figure>\n\n\n\n<figure class=\"wp-block-image size-large\"><img loading=\"lazy\" decoding=\"async\" width=\"1024\" height=\"768\" data-id=\"334\" src=\"https:\/\/bogdan.taxi\/wp-content\/uploads\/2026\/02\/toyota_5-1024x768.jpeg\" alt=\"\" class=\"wp-image-334\" srcset=\"https:\/\/bogdan.taxi\/wp-content\/uploads\/2026\/02\/toyota_5-1024x768.jpeg 1024w, https:\/\/bogdan.taxi\/wp-content\/uploads\/2026\/02\/toyota_5-300x225.jpeg 300w, https:\/\/bogdan.taxi\/wp-content\/uploads\/2026\/02\/toyota_5-768x576.jpeg 768w, https:\/\/bogdan.taxi\/wp-content\/uploads\/2026\/02\/toyota_5-1536x1152.jpeg 1536w, https:\/\/bogdan.taxi\/wp-content\/uploads\/2026\/02\/toyota_5-16x12.jpeg 16w, https:\/\/bogdan.taxi\/wp-content\/uploads\/2026\/02\/toyota_5.jpeg 2048w\" sizes=\"auto, (max-width: 1024px) 100vw, 1024px\" \/><figcaption class=\"wp-element-caption\">Toyota D0 Z0R0<\/figcaption><\/figure>\n\n\n\n<figure class=\"wp-block-image size-large\"><img loading=\"lazy\" decoding=\"async\" width=\"1024\" height=\"768\" data-id=\"333\" src=\"https:\/\/bogdan.taxi\/wp-content\/uploads\/2026\/02\/toyota_6-1024x768.jpeg\" alt=\"\" class=\"wp-image-333\" srcset=\"https:\/\/bogdan.taxi\/wp-content\/uploads\/2026\/02\/toyota_6-1024x768.jpeg 1024w, https:\/\/bogdan.taxi\/wp-content\/uploads\/2026\/02\/toyota_6-300x225.jpeg 300w, https:\/\/bogdan.taxi\/wp-content\/uploads\/2026\/02\/toyota_6-768x576.jpeg 768w, https:\/\/bogdan.taxi\/wp-content\/uploads\/2026\/02\/toyota_6-1536x1152.jpeg 1536w, https:\/\/bogdan.taxi\/wp-content\/uploads\/2026\/02\/toyota_6-16x12.jpeg 16w, https:\/\/bogdan.taxi\/wp-content\/uploads\/2026\/02\/toyota_6.jpeg 2048w\" sizes=\"auto, (max-width: 1024px) 100vw, 1024px\" \/><figcaption class=\"wp-element-caption\">Toyota D0 Z0R0<\/figcaption><\/figure>\n\n\n\n<figure class=\"wp-block-image size-large\"><img loading=\"lazy\" decoding=\"async\" width=\"576\" height=\"1024\" data-id=\"326\" src=\"https:\/\/bogdan.taxi\/wp-content\/uploads\/2026\/02\/zoro_przod-576x1024.jpg\" alt=\"\" class=\"wp-image-326\" srcset=\"https:\/\/bogdan.taxi\/wp-content\/uploads\/2026\/02\/zoro_przod-576x1024.jpg 576w, https:\/\/bogdan.taxi\/wp-content\/uploads\/2026\/02\/zoro_przod-169x300.jpg 169w, https:\/\/bogdan.taxi\/wp-content\/uploads\/2026\/02\/zoro_przod-768x1365.jpg 768w, https:\/\/bogdan.taxi\/wp-content\/uploads\/2026\/02\/zoro_przod-864x1536.jpg 864w, https:\/\/bogdan.taxi\/wp-content\/uploads\/2026\/02\/zoro_przod-7x12.jpg 7w, https:\/\/bogdan.taxi\/wp-content\/uploads\/2026\/02\/zoro_przod.jpg 1152w\" sizes=\"auto, (max-width: 576px) 100vw, 576px\" \/><figcaption class=\"wp-element-caption\">Toyota D0 Z0R0<\/figcaption><\/figure>\n\n\n\n<figure class=\"wp-block-image size-large\"><img loading=\"lazy\" decoding=\"async\" width=\"1024\" height=\"768\" data-id=\"339\" src=\"https:\/\/bogdan.taxi\/wp-content\/uploads\/2026\/02\/mazda_1-1024x768.jpeg\" alt=\"\" class=\"wp-image-339\" srcset=\"https:\/\/bogdan.taxi\/wp-content\/uploads\/2026\/02\/mazda_1-1024x768.jpeg 1024w, https:\/\/bogdan.taxi\/wp-content\/uploads\/2026\/02\/mazda_1-300x225.jpeg 300w, https:\/\/bogdan.taxi\/wp-content\/uploads\/2026\/02\/mazda_1-768x576.jpeg 768w, https:\/\/bogdan.taxi\/wp-content\/uploads\/2026\/02\/mazda_1-1536x1152.jpeg 1536w, https:\/\/bogdan.taxi\/wp-content\/uploads\/2026\/02\/mazda_1-16x12.jpeg 16w, https:\/\/bogdan.taxi\/wp-content\/uploads\/2026\/02\/mazda_1.jpeg 2048w\" sizes=\"auto, (max-width: 1024px) 100vw, 1024px\" \/><figcaption class=\"wp-element-caption\">Mazda<\/figcaption><\/figure>\n\n\n\n<figure class=\"wp-block-image size-large\"><img loading=\"lazy\" decoding=\"async\" width=\"1024\" height=\"768\" data-id=\"337\" src=\"https:\/\/bogdan.taxi\/wp-content\/uploads\/2026\/02\/mazda_5-1024x768.jpeg\" alt=\"\" class=\"wp-image-337\" srcset=\"https:\/\/bogdan.taxi\/wp-content\/uploads\/2026\/02\/mazda_5-1024x768.jpeg 1024w, https:\/\/bogdan.taxi\/wp-content\/uploads\/2026\/02\/mazda_5-300x225.jpeg 300w, https:\/\/bogdan.taxi\/wp-content\/uploads\/2026\/02\/mazda_5-768x576.jpeg 768w, https:\/\/bogdan.taxi\/wp-content\/uploads\/2026\/02\/mazda_5-1536x1152.jpeg 1536w, https:\/\/bogdan.taxi\/wp-content\/uploads\/2026\/02\/mazda_5-16x12.jpeg 16w, https:\/\/bogdan.taxi\/wp-content\/uploads\/2026\/02\/mazda_5.jpeg 2048w\" sizes=\"auto, (max-width: 1024px) 100vw, 1024px\" \/><figcaption class=\"wp-element-caption\">Mazda<\/figcaption><\/figure>\n<\/figure>\n\n\n\n<div class=\"wp-block-group is-content-justification-center is-nowrap is-layout-flex wp-container-core-group-is-layout-23441af8 wp-block-group-is-layout-flex\">\n<div class=\"wp-block-buttons is-content-justification-center is-layout-flex wp-container-core-buttons-is-layout-a89b3969 wp-block-buttons-is-layout-flex\">\n<div class=\"wp-block-button\"><a class=\"wp-block-button__link has-contrast-color has-text-color has-background has-link-color has-text-align-center has-custom-font-size wp-element-button\" href=\"tel:0048721370331\" style=\"background-color:#f7bc3a;font-size:clamp(1.301rem, 1.301rem + ((1vw - 0.2rem) * 1.253), 2.1rem);\"><img loading=\"lazy\" decoding=\"async\" width=\"25\" height=\"25\" class=\"wp-image-160\" style=\"width: 25px;\" src=\"https:\/\/bogdan.taxi\/wp-content\/uploads\/2026\/02\/phone-call_8090716_50x50.png\" alt=\"\"><strong>+48 721 370 331<\/strong><\/a><\/div>\n<\/div>\n<\/div>\n<\/div>\n\n\n\n<div class=\"wp-block-group has-global-padding is-layout-constrained wp-block-group-is-layout-constrained\">\n<h3 class=\"wp-block-heading has-text-align-center has-x-large-font-size\">Unternehmensdaten<\/h3>\n\n\n\n<p class=\"has-text-align-center is-style-default\" style=\"margin-top:var(--wp--preset--spacing--30);margin-bottom:var(--wp--preset--spacing--30)\">BOGDAN BISIECKI TAXI<br>ul. \u015aw. Jana 30\/2<br>59-900 Zgorzelec<br>Steuer ID: 6151011832<\/p>\n<\/div>\n<\/div>\n<\/div><\/div>","protected":false},"excerpt":{"rendered":"","protected":false},"author":1,"featured_media":0,"parent":0,"menu_order":0,"comment_status":"closed","ping_status":"closed","template":"","meta":{"footnotes":""},"class_list":["post-14","page","type-page","status-publish","hentry"],"_links":{"self":[{"href":"https:\/\/bogdan.taxi\/de\/wp-json\/wp\/v2\/pages\/14","targetHints":{"allow":["GET"]}}],"collection":[{"href":"https:\/\/bogdan.taxi\/de\/wp-json\/wp\/v2\/pages"}],"about":[{"href":"https:\/\/bogdan.taxi\/de\/wp-json\/wp\/v2\/types\/page"}],"author":[{"embeddable":true,"href":"https:\/\/bogdan.taxi\/de\/wp-json\/wp\/v2\/users\/1"}],"replies":[{"embeddable":true,"href":"https:\/\/bogdan.taxi\/de\/wp-json\/wp\/v2\/comments?post=14"}],"version-history":[{"count":21,"href":"https:\/\/bogdan.taxi\/de\/wp-json\/wp\/v2\/pages\/14\/revisions"}],"predecessor-version":[{"id":381,"href":"https:\/\/bogdan.taxi\/de\/wp-json\/wp\/v2\/pages\/14\/revisions\/381"}],"wp:attachment":[{"href":"https:\/\/bogdan.taxi\/de\/wp-json\/wp\/v2\/media?parent=14"}],"curies":[{"name":"wp","href":"https:\/\/api.w.org\/{rel}","templated":true}]}}